{"id":990,"date":"2020-12-04T15:56:19","date_gmt":"2020-12-04T15:56:19","guid":{"rendered":"https:\/\/perkamauto.lv\/ru\/enen?page_id=990"},"modified":"2021-06-04T13:07:06","modified_gmt":"2021-06-04T13:07:06","slug":"pocemu-nuzno-vybrat-nas","status":"publish","type":"page","link":"https:\/\/perkamauto.lv\/ru\/pocemu-nuzno-vybrat-nas","title":{"rendered":"\u041f\u043e\u0447\u0435\u043c\u0443 \u043d\u0443\u0436\u043d\u043e \u0432\u044b\u0431\u0440\u0430\u0442\u044c \u043d\u0430\u0441?"},"content":{"rendered":"<p>[vc_row css=&#8221;.vc_custom_1533546786675{padding-top: 80px !important;padding-bottom: 80px !important;}&#8221;][vc_column offset=&#8221;vc_col-md-4&#8243;][vc_empty_space height=&#8221;20px&#8221;][vc_column_text]<\/p>\n<ul>\n<li style=\"font-size: 20px;\">\u0411\u044b\u0441\u0442\u0440\u0430\u044f \u043f\u0440\u043e\u0434\u0430\u0436\u0430 \u0430\u0432\u0442\u043e<\/li>\n<li style=\"font-size: 20px;\">\u0411\u0435\u0441\u043f\u043b\u0430\u0442\u043d\u0430\u044f \u043e\u0446\u0435\u043d\u043a\u0430 \u0430\u0432\u0442\u043e\u043c\u043e\u0431\u0438\u043b\u044f<\/li>\n<li style=\"font-size: 20px;\">\u041e\u043f\u043b\u0430\u0442\u0430 \u0441\u0440\u0430\u0437\u0443<\/li>\n<li style=\"font-size: 20px;\">\u041b\u0435\u0433\u043a\u043e \u0438 \u0443\u0434\u043e\u0431\u043d\u043e<\/li>\n<\/ul>\n<p>[\/vc_column_text][vc_empty_space height=&#8221;20px&#8221;][vc_single_image image=&#8221;843&#8243; img_size=&#8221;full&#8221; alignment=&#8221;center&#8221;][vc_empty_space height=&#8221;10px&#8221;][\/vc_column][vc_column offset=&#8221;vc_col-md-8&#8243;]\n    <div class=\"wprt-headings style-1 clearfix text-center \">\n        <h3 class=\"heading \" >\u041f\u043e\u0447\u0435\u043c\u0443 \u043d\u0443\u0436\u043d\u043e \u0432\u044b\u0431\u0440\u0430\u0442\u044c \u043d\u0430\u0441 \u0434\u043b\u044f \u043f\u0440\u043e\u0434\u0430\u0436\u0438 \u0430\u0432\u0442\u043e?<\/h3>\n                    <div class=\"sep clearfix\"><\/div>\n        \n            <\/div>\n        \n[vc_empty_space height=&#8221;30px&#8221;][vc_video link=&#8221;https:\/\/www.youtube.com\/watch?v=olwr5l3H2yI&amp;feature=youtu.be&#8221;][\/vc_column][\/vc_row][vc_row][vc_column][vc_empty_space height=&#8221;20px&#8221;][\/vc_column][\/vc_row][vc_row css=&#8221;.vc_custom_1607087543318{background-color: #739b3f !important;}&#8221;][vc_column]\n    <div class=\"wprt-action-box style-1 has-icon \">\n        <div class=\"inner\">\n            <div class=\"heading-wrap\">\n                <div class=\"text-wrap\">\n                    <h3 class=\"heading\">\u0412\u044b \u0440\u0435\u0448\u0438\u043b\u0438 \u043f\u0440\u043e\u0434\u0430\u0442\u044c \u0441\u0432\u043e\u044e \u043c\u0430\u0448\u0438\u043d\u0443?<\/h3>\n                    <span class=\"icon\"><i class=\"as-icon-speedometer2\"><\/i><\/span> \n                <\/div>\n            <\/div>\n            <div class=\"button-wrap\">\n                <a class=\"wprt-button white rounded-3px\" href=\"https:\/\/perkamauto.lv\/ru\/prodat-masinu\/\" target=\"_self\">\u0417\u0430\u043f\u043e\u043b\u043d\u0438\u0442\u044c \u0437\u0430\u044f\u0432\u043a\u0443!<\/a>            <\/div>\n        <\/div>\n    <\/div>\n\n[\/vc_column][\/vc_row][vc_row][vc_column][vc_column_text][\/vc_column_text][\/vc_column][\/vc_row]<\/p>\n","protected":false},"excerpt":{"rendered":"<p>[vc_row css=&#8221;.vc_custom_1533546786675{padding-top: 80px !important;padding-bottom: 80px !important;}&#8221;][vc_column offset=&#8221;vc_col-md-4&#8243;][vc_empty_space height=&#8221;20px&#8221;][vc_column_text] \u0411\u044b\u0441\u0442\u0440\u0430\u044f \u043f\u0440\u043e\u0434\u0430\u0436\u0430 \u0430\u0432\u0442\u043e \u0411\u0435\u0441\u043f\u043b\u0430\u0442\u043d\u0430\u044f \u043e\u0446\u0435\u043d\u043a\u0430 \u0430\u0432\u0442\u043e\u043c\u043e\u0431\u0438\u043b\u044f \u041e\u043f\u043b\u0430\u0442\u0430 \u0441\u0440\u0430\u0437\u0443 \u041b\u0435\u0433\u043a\u043e \u0438 \u0443\u0434\u043e\u0431\u043d\u043e [\/vc_column_text][vc_empty_space height=&#8221;20px&#8221;][vc_single_image image=&#8221;843&#8243; img_size=&#8221;full&#8221; alignment=&#8221;center&#8221;][vc_empty_space height=&#8221;10px&#8221;][\/vc_column][vc_column offset=&#8221;vc_col-md-8&#8243;][vc_empty_space height=&#8221;30px&#8221;][vc_video link=&#8221;https:\/\/www.youtube.com\/watch?v=olwr5l3H2yI&amp;feature=youtu.be&#8221;][\/vc_column][\/vc_row][vc_row][vc_column][vc_empty_space height=&#8221;20px&#8221;][\/vc_column][\/vc_row][vc_row css=&#8221;.vc_custom_1607087543318{background-color: #739b3f !important;}&#8221;][vc_column][\/vc_column][\/vc_row][vc_row][vc_column][vc_column_text][\/vc_column_text][\/vc_column][\/vc_row]<\/p>\n","protected":false},"author":1,"featured_media":0,"parent":0,"menu_order":4,"comment_status":"closed","ping_status":"closed","template":"page-templates\/template-fullwidth.php","meta":{"footnotes":""},"class_list":["post-990","page","type-page","status-publish","hentry"],"yoast_head":"<!-- This site is optimized with the Yoast SEO plugin v26.8 - https:\/\/yoast.com\/product\/yoast-seo-wordpress\/ -->\n<title>\u041f\u0440\u043e\u0434\u0430\u0436\u0430 \u0430\u0432\u0442\u043e \u0432 \u0420\u0438\u0433\u0435 \u0438 \u043f\u043e \u0432\u0441\u0435\u0439 \u041b\u0430\u0442\u0432\u0438\u0438 | \u0421\u043a\u0443\u043f\u043a\u0430 \u0430\u0432\u0442\u043e Perkamauto.lv<\/title>\n<meta name=\"description\" content=\"\u041f\u0440\u043e\u0434\u0430\u0436\u0430 \u0430\u0432\u0442\u043e Perkamauto.lv - \u043f\u043e\u043a\u0443\u043f\u0430\u0435\u043c \u0432\u0441\u0435 \u0432\u0438\u0434\u044b \u0430\u0432\u0442\u043e\u043c\u043e\u0431\u0438\u043b\u0435\u0439. \u041f\u0440\u043e\u0434\u0430\u0442\u044c \u043c\u0430\u0448\u0438\u043d\u0443 \u0431\u044b\u0441\u0442\u0440\u043e \u0438 \u043b\u0435\u0433\u043a\u043e. \u041f\u043e\u043b\u0443\u0447\u0438 \u043f\u0440\u0435\u0434\u043b\u043e\u0436\u0435\u043d\u0438\u0435 \u0432 \u0442\u0435\u0447\u0435\u043d\u0438\u0438 30 \u043c\u0438\u043d\u0443\u0442.\" \/>\n<meta name=\"robots\" content=\"index, follow, max-snippet:-1, max-image-preview:large, max-video-preview:-1\" \/>\n<link rel=\"canonical\" href=\"https:\/\/perkamauto.lv\/ru\/pocemu-nuzno-vybrat-nas\" \/>\n<meta property=\"og:locale\" content=\"en_US\" \/>\n<meta property=\"og:type\" content=\"article\" \/>\n<meta property=\"og:title\" content=\"\u041f\u0440\u043e\u0434\u0430\u0436\u0430 \u0430\u0432\u0442\u043e \u0432 \u0420\u0438\u0433\u0435 \u0438 \u043f\u043e \u0432\u0441\u0435\u0439 \u041b\u0430\u0442\u0432\u0438\u0438 | \u0421\u043a\u0443\u043f\u043a\u0430 \u0430\u0432\u0442\u043e Perkamauto.lv\" \/>\n<meta property=\"og:description\" content=\"\u041f\u0440\u043e\u0434\u0430\u0436\u0430 \u0430\u0432\u0442\u043e Perkamauto.lv - \u043f\u043e\u043a\u0443\u043f\u0430\u0435\u043c \u0432\u0441\u0435 \u0432\u0438\u0434\u044b \u0430\u0432\u0442\u043e\u043c\u043e\u0431\u0438\u043b\u0435\u0439. \u041f\u0440\u043e\u0434\u0430\u0442\u044c \u043c\u0430\u0448\u0438\u043d\u0443 \u0431\u044b\u0441\u0442\u0440\u043e \u0438 \u043b\u0435\u0433\u043a\u043e. \u041f\u043e\u043b\u0443\u0447\u0438 \u043f\u0440\u0435\u0434\u043b\u043e\u0436\u0435\u043d\u0438\u0435 \u0432 \u0442\u0435\u0447\u0435\u043d\u0438\u0438 30 \u043c\u0438\u043d\u0443\u0442.\" \/>\n<meta property=\"og:url\" content=\"https:\/\/perkamauto.lv\/ru\/pocemu-nuzno-vybrat-nas\" \/>\n<meta property=\"og:site_name\" content=\"Perkam Auto\" \/>\n<meta property=\"article:modified_time\" content=\"2021-06-04T13:07:06+00:00\" \/>\n<meta name=\"twitter:card\" content=\"summary_large_image\" \/>\n<meta name=\"twitter:label1\" content=\"Est. reading time\" \/>\n\t<meta name=\"twitter:data1\" content=\"1 minute\" \/>\n<script type=\"application\/ld+json\" class=\"yoast-schema-graph\">{\"@context\":\"https:\/\/schema.org\",\"@graph\":[{\"@type\":\"WebPage\",\"@id\":\"https:\/\/perkamauto.lv\/ru\/pocemu-nuzno-vybrat-nas\",\"url\":\"https:\/\/perkamauto.lv\/ru\/pocemu-nuzno-vybrat-nas\",\"name\":\"\u041f\u0440\u043e\u0434\u0430\u0436\u0430 \u0430\u0432\u0442\u043e \u0432 \u0420\u0438\u0433\u0435 \u0438 \u043f\u043e \u0432\u0441\u0435\u0439 \u041b\u0430\u0442\u0432\u0438\u0438 | \u0421\u043a\u0443\u043f\u043a\u0430 \u0430\u0432\u0442\u043e Perkamauto.lv\",\"isPartOf\":{\"@id\":\"https:\/\/perkamauto.lv\/ru\/#website\"},\"datePublished\":\"2020-12-04T15:56:19+00:00\",\"dateModified\":\"2021-06-04T13:07:06+00:00\",\"description\":\"\u041f\u0440\u043e\u0434\u0430\u0436\u0430 \u0430\u0432\u0442\u043e Perkamauto.lv - \u043f\u043e\u043a\u0443\u043f\u0430\u0435\u043c \u0432\u0441\u0435 \u0432\u0438\u0434\u044b \u0430\u0432\u0442\u043e\u043c\u043e\u0431\u0438\u043b\u0435\u0439. \u041f\u0440\u043e\u0434\u0430\u0442\u044c \u043c\u0430\u0448\u0438\u043d\u0443 \u0431\u044b\u0441\u0442\u0440\u043e \u0438 \u043b\u0435\u0433\u043a\u043e. \u041f\u043e\u043b\u0443\u0447\u0438 \u043f\u0440\u0435\u0434\u043b\u043e\u0436\u0435\u043d\u0438\u0435 \u0432 \u0442\u0435\u0447\u0435\u043d\u0438\u0438 30 \u043c\u0438\u043d\u0443\u0442.\",\"breadcrumb\":{\"@id\":\"https:\/\/perkamauto.lv\/ru\/pocemu-nuzno-vybrat-nas#breadcrumb\"},\"inLanguage\":\"en-US\",\"potentialAction\":[{\"@type\":\"ReadAction\",\"target\":[\"https:\/\/perkamauto.lv\/ru\/pocemu-nuzno-vybrat-nas\"]}]},{\"@type\":\"BreadcrumbList\",\"@id\":\"https:\/\/perkamauto.lv\/ru\/pocemu-nuzno-vybrat-nas#breadcrumb\",\"itemListElement\":[{\"@type\":\"ListItem\",\"position\":1,\"name\":\"Home\",\"item\":\"https:\/\/perkamauto.lv\/ru\/\"},{\"@type\":\"ListItem\",\"position\":2,\"name\":\"\u041f\u043e\u0447\u0435\u043c\u0443 \u043d\u0443\u0436\u043d\u043e \u0432\u044b\u0431\u0440\u0430\u0442\u044c \u043d\u0430\u0441?\"}]},{\"@type\":\"WebSite\",\"@id\":\"https:\/\/perkamauto.lv\/ru\/#website\",\"url\":\"https:\/\/perkamauto.lv\/ru\/\",\"name\":\"Perkam Auto\",\"description\":\"Nopirksim j\u016bsu auto, \u0101tri un \u0113rti.\",\"potentialAction\":[{\"@type\":\"SearchAction\",\"target\":{\"@type\":\"EntryPoint\",\"urlTemplate\":\"https:\/\/perkamauto.lv\/ru\/?s={search_term_string}\"},\"query-input\":{\"@type\":\"PropertyValueSpecification\",\"valueRequired\":true,\"valueName\":\"search_term_string\"}}],\"inLanguage\":\"en-US\"}]}<\/script>\n<!-- \/ Yoast SEO plugin. -->","yoast_head_json":{"title":"\u041f\u0440\u043e\u0434\u0430\u0436\u0430 \u0430\u0432\u0442\u043e \u0432 \u0420\u0438\u0433\u0435 \u0438 \u043f\u043e \u0432\u0441\u0435\u0439 \u041b\u0430\u0442\u0432\u0438\u0438 | \u0421\u043a\u0443\u043f\u043a\u0430 \u0430\u0432\u0442\u043e Perkamauto.lv","description":"\u041f\u0440\u043e\u0434\u0430\u0436\u0430 \u0430\u0432\u0442\u043e Perkamauto.lv - \u043f\u043e\u043a\u0443\u043f\u0430\u0435\u043c \u0432\u0441\u0435 \u0432\u0438\u0434\u044b \u0430\u0432\u0442\u043e\u043c\u043e\u0431\u0438\u043b\u0435\u0439. \u041f\u0440\u043e\u0434\u0430\u0442\u044c \u043c\u0430\u0448\u0438\u043d\u0443 \u0431\u044b\u0441\u0442\u0440\u043e \u0438 \u043b\u0435\u0433\u043a\u043e. \u041f\u043e\u043b\u0443\u0447\u0438 \u043f\u0440\u0435\u0434\u043b\u043e\u0436\u0435\u043d\u0438\u0435 \u0432 \u0442\u0435\u0447\u0435\u043d\u0438\u0438 30 \u043c\u0438\u043d\u0443\u0442.","robots":{"index":"index","follow":"follow","max-snippet":"max-snippet:-1","max-image-preview":"max-image-preview:large","max-video-preview":"max-video-preview:-1"},"canonical":"https:\/\/perkamauto.lv\/ru\/pocemu-nuzno-vybrat-nas","og_locale":"en_US","og_type":"article","og_title":"\u041f\u0440\u043e\u0434\u0430\u0436\u0430 \u0430\u0432\u0442\u043e \u0432 \u0420\u0438\u0433\u0435 \u0438 \u043f\u043e \u0432\u0441\u0435\u0439 \u041b\u0430\u0442\u0432\u0438\u0438 | \u0421\u043a\u0443\u043f\u043a\u0430 \u0430\u0432\u0442\u043e Perkamauto.lv","og_description":"\u041f\u0440\u043e\u0434\u0430\u0436\u0430 \u0430\u0432\u0442\u043e Perkamauto.lv - \u043f\u043e\u043a\u0443\u043f\u0430\u0435\u043c \u0432\u0441\u0435 \u0432\u0438\u0434\u044b \u0430\u0432\u0442\u043e\u043c\u043e\u0431\u0438\u043b\u0435\u0439. \u041f\u0440\u043e\u0434\u0430\u0442\u044c \u043c\u0430\u0448\u0438\u043d\u0443 \u0431\u044b\u0441\u0442\u0440\u043e \u0438 \u043b\u0435\u0433\u043a\u043e. \u041f\u043e\u043b\u0443\u0447\u0438 \u043f\u0440\u0435\u0434\u043b\u043e\u0436\u0435\u043d\u0438\u0435 \u0432 \u0442\u0435\u0447\u0435\u043d\u0438\u0438 30 \u043c\u0438\u043d\u0443\u0442.","og_url":"https:\/\/perkamauto.lv\/ru\/pocemu-nuzno-vybrat-nas","og_site_name":"Perkam Auto","article_modified_time":"2021-06-04T13:07:06+00:00","twitter_card":"summary_large_image","twitter_misc":{"Est. reading time":"1 minute"},"schema":{"@context":"https:\/\/schema.org","@graph":[{"@type":"WebPage","@id":"https:\/\/perkamauto.lv\/ru\/pocemu-nuzno-vybrat-nas","url":"https:\/\/perkamauto.lv\/ru\/pocemu-nuzno-vybrat-nas","name":"\u041f\u0440\u043e\u0434\u0430\u0436\u0430 \u0430\u0432\u0442\u043e \u0432 \u0420\u0438\u0433\u0435 \u0438 \u043f\u043e \u0432\u0441\u0435\u0439 \u041b\u0430\u0442\u0432\u0438\u0438 | \u0421\u043a\u0443\u043f\u043a\u0430 \u0430\u0432\u0442\u043e Perkamauto.lv","isPartOf":{"@id":"https:\/\/perkamauto.lv\/ru\/#website"},"datePublished":"2020-12-04T15:56:19+00:00","dateModified":"2021-06-04T13:07:06+00:00","description":"\u041f\u0440\u043e\u0434\u0430\u0436\u0430 \u0430\u0432\u0442\u043e Perkamauto.lv - \u043f\u043e\u043a\u0443\u043f\u0430\u0435\u043c \u0432\u0441\u0435 \u0432\u0438\u0434\u044b \u0430\u0432\u0442\u043e\u043c\u043e\u0431\u0438\u043b\u0435\u0439. \u041f\u0440\u043e\u0434\u0430\u0442\u044c \u043c\u0430\u0448\u0438\u043d\u0443 \u0431\u044b\u0441\u0442\u0440\u043e \u0438 \u043b\u0435\u0433\u043a\u043e. \u041f\u043e\u043b\u0443\u0447\u0438 \u043f\u0440\u0435\u0434\u043b\u043e\u0436\u0435\u043d\u0438\u0435 \u0432 \u0442\u0435\u0447\u0435\u043d\u0438\u0438 30 \u043c\u0438\u043d\u0443\u0442.","breadcrumb":{"@id":"https:\/\/perkamauto.lv\/ru\/pocemu-nuzno-vybrat-nas#breadcrumb"},"inLanguage":"en-US","potentialAction":[{"@type":"ReadAction","target":["https:\/\/perkamauto.lv\/ru\/pocemu-nuzno-vybrat-nas"]}]},{"@type":"BreadcrumbList","@id":"https:\/\/perkamauto.lv\/ru\/pocemu-nuzno-vybrat-nas#breadcrumb","itemListElement":[{"@type":"ListItem","position":1,"name":"Home","item":"https:\/\/perkamauto.lv\/ru\/"},{"@type":"ListItem","position":2,"name":"\u041f\u043e\u0447\u0435\u043c\u0443 \u043d\u0443\u0436\u043d\u043e \u0432\u044b\u0431\u0440\u0430\u0442\u044c \u043d\u0430\u0441?"}]},{"@type":"WebSite","@id":"https:\/\/perkamauto.lv\/ru\/#website","url":"https:\/\/perkamauto.lv\/ru\/","name":"Perkam Auto","description":"Nopirksim j\u016bsu auto, \u0101tri un \u0113rti.","potentialAction":[{"@type":"SearchAction","target":{"@type":"EntryPoint","urlTemplate":"https:\/\/perkamauto.lv\/ru\/?s={search_term_string}"},"query-input":{"@type":"PropertyValueSpecification","valueRequired":true,"valueName":"search_term_string"}}],"inLanguage":"en-US"}]}},"_links":{"self":[{"href":"https:\/\/perkamauto.lv\/ru\/wp-json\/wp\/v2\/pages\/990","targetHints":{"allow":["GET"]}}],"collection":[{"href":"https:\/\/perkamauto.lv\/ru\/wp-json\/wp\/v2\/pages"}],"about":[{"href":"https:\/\/perkamauto.lv\/ru\/wp-json\/wp\/v2\/types\/page"}],"author":[{"embeddable":true,"href":"https:\/\/perkamauto.lv\/ru\/wp-json\/wp\/v2\/users\/1"}],"replies":[{"embeddable":true,"href":"https:\/\/perkamauto.lv\/ru\/wp-json\/wp\/v2\/comments?post=990"}],"version-history":[{"count":0,"href":"https:\/\/perkamauto.lv\/ru\/wp-json\/wp\/v2\/pages\/990\/revisions"}],"wp:attachment":[{"href":"https:\/\/perkamauto.lv\/ru\/wp-json\/wp\/v2\/media?parent=990"}],"curies":[{"name":"wp","href":"https:\/\/api.w.org\/{rel}","templated":true}]}}