{"id":68,"date":"2018-07-19T07:22:21","date_gmt":"2018-07-19T07:22:21","guid":{"rendered":"http:\/\/localhost\/autoser\/?page_id=68"},"modified":"2021-06-04T13:32:19","modified_gmt":"2021-06-04T13:32:19","slug":"kontakty","status":"publish","type":"page","link":"https:\/\/perkamauto.lv\/ru\/kontakty","title":{"rendered":"\u041a\u043e\u043d\u0442\u0430\u043a\u0442\u044b"},"content":{"rendered":"<p>[vc_row css=&#8221;.vc_custom_1532596692360{padding-bottom: 90px !important;}&#8221;][vc_column offset=&#8221;vc_col-md-8&#8243;][\/vc_column][vc_column offset=&#8221;vc_col-md-4&#8243;][\/vc_column][\/vc_row][vc_row][vc_column width=&#8221;1\/2&#8243;][vc_empty_space height=&#8221;40px&#8221;]\n    <div class=\"wprt-headings style-1 clearfix text-center \">\n        <h1 class=\"heading \" >\u0424\u043e\u0440\u043c\u0430 \u043e\u0431\u0440\u0430\u0442\u043d\u043e\u0439 \u0441\u0432\u044f\u0437\u0438<\/h1>\n                    <div class=\"sep clearfix\"><\/div>\n        \n            <\/div>\n        \n\n            <div \n                class=\"elfsight-widget-contact-form elfsight-widget\" \n                data-elfsight-contact-form-options=\"%7B%22fields%22%3A%5B%7B%22type%22%3A%22text%22%2C%22placeholder%22%3A%22%22%2C%22description%22%3A%22%22%2C%22label%22%3A%22%5Cu0412%5Cu0430%5Cu0448%5Cu0435%20%5Cu0438%5Cu043c%5Cu044f%22%2C%22required%22%3Atrue%2C%22columnWidth%22%3A100%2C%22id%22%3A%22%5B%5Cu0432%5Cu0430%5Cu0448%5Cu0435-%5Cu0438%5Cu043c%5Cu044f%5D%22%7D%2C%7B%22type%22%3A%22email%22%2C%22label%22%3A%22%5Cu042d%5Cu043b.%20%5Cu043f%5Cu043e%5Cu0447%5Cu0442%5Cu0430%22%2C%22description%22%3A%22%22%2C%22placeholder%22%3A%22%22%2C%22required%22%3Atrue%2C%22columnWidth%22%3A100%2C%22id%22%3A%22%5B%5Cu044d%5Cu043b.-%5Cu043f%5Cu043e%5Cu0447%5Cu0442%5Cu0430%5D%22%7D%2C%7B%22type%22%3A%22phone%22%2C%22label%22%3A%22%5Cu0422%5Cu0435%5Cu043b%5Cu0435%5Cu0444%5Cu043e%5Cu043d%22%2C%22placeholder%22%3A%22%22%2C%22description%22%3A%22%22%2C%22required%22%3Afalse%2C%22columnWidth%22%3A100%2C%22id%22%3A%22%5B%5Cu0442%5Cu0435%5Cu043b%5Cu0435%5Cu0444%5Cu043e%5Cu043d%5D%22%7D%2C%7B%22type%22%3A%22textarea%22%2C%22label%22%3A%22%5Cu0421%5Cu043e%5Cu043e%5Cu0431%5Cu0449%5Cu0435%5Cu043d%5Cu0438%5Cu0435%22%2C%22description%22%3A%22%22%2C%22placeholder%22%3A%22%5Cu012asi%20past%5Cu0101stiet%20par%20sav%5Cu0101m%20vajadz%5Cu012bb%5Cu0101m%22%2C%22required%22%3Afalse%2C%22columnWidth%22%3A100%2C%22id%22%3A%22%5B%5Cu0441%5Cu043e%5Cu043e%5Cu0431%5Cu0449%5Cu0435%5Cu043d%5Cu0438%5Cu0435%5D%22%7D%5D%2C%22headerActive%22%3Afalse%2C%22headerTitle%22%3A%22Get%20in%20Touch%22%2C%22headerText%22%3A%22Leave%20your%20message%20and%20we%27ll%20get%20back%20to%20you%20shortly.%22%2C%22headerPictureUrl%22%3A%22message%22%2C%22footerText%22%3A%22%22%2C%22actionAfterSubmit%22%3A%22message%22%2C%22successMessage%22%3A%22Your%20message%20was%20successfully%20sent%21%20We%20will%20reply%20to%20you%20shortly.%22%2C%22successContinueText%22%3A%22OK%22%2C%22redirectUrl%22%3A%22https%3A%5C%2F%5C%2Fexample.com%22%2C%22submitText%22%3A%22%5Cu041e%5Cu0442%5Cu043f%5Cu0440%5Cu0430%5Cu0432%5Cu0438%5Cu0442%5Cu044c%22%2C%22stepsMessagesDivider%22%3Anull%2C%22stepsMessagesTitle%22%3Anull%2C%22stepsText%22%3A%22step%20%251%20of%20%252%22%2C%22stepBackText%22%3A%22Back%22%2C%22stepNextText%22%3A%22Next%22%2C%22errorMessageAllRequired%22%3A%22Please%2C%20fill%20all%20the%20required%20fields%22%2C%22errorMessageAllIncorrect%22%3A%22Please%2C%20fill%20all%20the%20fields%20correctly%22%2C%22errorMessageSetMailTo%22%3A%22Please%2C%20set%20the%20email%20to%20send%20messages%20to%22%2C%22errorMessageRequiredCaptcha%22%3A%22Please%2C%20enter%20the%20captcha%22%2C%22errorMessageFileSizeLimit%22%3A%22File%20size%20limit%20exceeded%22%2C%22errorMessageFileNotAllowed%22%3A%22File%20extension%20not%20allowed%22%2C%22errorMessageUnknown%22%3A%22Unknown%20error%22%2C%22errorMessageRequired%22%3A%22Required%20field%22%2C%22errorMessageInvalid%22%3A%22Invalid%22%2C%22errorMessageInvalidEmail%22%3A%22Invalid%20email%22%2C%22errorMessageInvalidPhone%22%3A%22Invalid%20phone%20number%22%2C%22errorMessageInvalidUrl%22%3A%22Invalid%20URL%22%2C%22calendarWeekdaysShorthand%22%3A%22Sun%5CnMon%5CnTue%5CnWed%5CnThu%5CnFri%5CnSat%22%2C%22calendarMonthsLonghand%22%3A%22January%5CnFebruary%5CnMarch%5CnApril%5CnMay%5CnJune%5CnJuly%5CnAugust%5CnSeptember%5CnOctober%5CnNovember%5CnDecember%22%2C%22showProgress%22%3Atrue%2C%22recaptchaType%22%3A%22invisible%22%2C%22integrationsGoogleToken%22%3A%22%22%2C%22integrationsGoogleSheetID%22%3A%22%22%2C%22layout%22%3A%22default%22%2C%22floatingIcon%22%3A%22message%22%2C%22floatingText%22%3A%22%22%2C%22floatingPosition%22%3A%22right%22%2C%22width%22%3A%22400%22%2C%22style%22%3A%22classic%22%2C%22mainColor%22%3A%22rgb%28115%2C%20155%2C%2063%29%22%2C%22apiUrl%22%3A%22https%3A%5C%2F%5C%2Fperkamauto.lv%5C%2Fru%5C%2Fwp-admin%5C%2Fadmin-ajax.php%22%2C%22apiAction%22%3A%22elfsight_contact_form_api%22%2C%22recaptchaKeyCheckbox%22%3A%226LfXGHgUAAAAAHNIE_EH7kEI1l4xvf_ynIlg5bfo%22%2C%22recaptchaKeyInvisible%22%3A%226Ld1CXgUAAAAAFTHmixC1Eo-NP7_3ddB1YOj9AfX%22%2C%22widgetId%22%3A%223%22%7D\" \n                data-elfsight-contact-form-version=\"2.2.0\"\n                data-elfsight-widget-id=\"elfsight-contact-form-3\">\n            <\/div>\n            [vc_empty_space][\/vc_column][vc_column width=&#8221;1\/2&#8243;][vc_empty_space height=&#8221;50px&#8221;]\n    <div class=\"wprt-icon-box style-5 clearfix icon-left w50 accent-outline outline-type align-left rounded-100 has-width \">\n        <div class=\"icon-wrap\">\n            <i class=\"rt-icon-chat\"><\/i>\n        <\/div>\n        <h3 class=\"heading\">\u0421\u0432\u044f\u0436\u0438\u0442\u0435\u0441\u044c \u0441 \u043d\u0430\u043c\u0438!<\/h3>\n        <div class=\"desc\"><p>\u0422\u0435\u043b\u0435\u0444\u043e\u043d: <span class=\"content\">+371 2 777 5656<\/span><\/p>\n<\/div>\n    <\/div>\n\n[vc_empty_space height=&#8221;10px&#8221;][vc_column_text]<\/p>\n<p style=\"text-align: center;\"><strong>\u0421\u043a\u0443\u043f\u043a\u0430 \u043c\u0430\u0448\u0438\u043d \u0432 \u0420\u0438\u0433\u0435 \u0438 \u043f\u043e \u0432\u0441\u0435\u0439 \u041b\u0430\u0442\u0432\u0438\u0438.<\/strong><\/p>\n<p>[\/vc_column_text][vc_empty_space height=&#8221;10px&#8221;][vc_gmaps link=&#8221;#E-8_JTNDaWZyYW1lJTIwc3JjJTNEJTIyaHR0cHMlM0ElMkYlMkZ3d3cuZ29vZ2xlLmNvbSUyRm1hcHMlMkZlbWJlZCUzRnBiJTNEJTIxMW0xOCUyMTFtMTIlMjExbTMlMjExZDExMTAxMzEuNTU3NTI1MzYyNCUyMTJkMjMuMTM2Nzg4OTcxMzE1NjIlMjEzZDU3LjA4MTg5Njk4MjU2MTEyNiUyMTJtMyUyMTFmMCUyMTJmMCUyMTNmMCUyMTNtMiUyMTFpMTAyNCUyMTJpNzY4JTIxNGYxMy4xJTIxM20zJTIxMW0yJTIxMXMweDQ2ZWVjZmIwZTUwNzNkZWQlMjUzQTB4NDAwY2ZjZDY4ZjJmZTMwJTIxMnNSaWdhJTIxNWUwJTIxM20yJTIxMXNlbiUyMTJzbHYlMjE0djE2MTM3NDAyNjY4MTYlMjE1bTIlMjExc2VuJTIxMnNsdiUyMiUyMHdpZHRoJTNEJTIyNjQwJTIyJTIwaGVpZ2h0JTNEJTIyNDIwJTIyJTIwZnJhbWVib3JkZXIlM0QlMjIwJTIyJTIwc3R5bGUlM0QlMjJib3JkZXIlM0EwJTNCJTIyJTIwYWxsb3dmdWxsc2NyZWVuJTNEJTIyJTIyJTIwYXJpYS1oaWRkZW4lM0QlMjJmYWxzZSUyMiUyMHRhYmluZGV4JTNEJTIyMCUyMiUzRSUzQyUyRmlmcmFtZSUzRQ==&#8221;][vc_empty_space height=&#8221;50px&#8221;][\/vc_column][\/vc_row]<\/p>\n","protected":false},"excerpt":{"rendered":"<p>[vc_row css=&#8221;.vc_custom_1532596692360{padding-bottom: 90px !important;}&#8221;][vc_column offset=&#8221;vc_col-md-8&#8243;][\/vc_column][vc_column offset=&#8221;vc_col-md-4&#8243;][\/vc_column][\/vc_row][vc_row][vc_column width=&#8221;1\/2&#8243;][vc_empty_space height=&#8221;40px&#8221;][vc_empty_space][\/vc_column][vc_column width=&#8221;1\/2&#8243;][vc_empty_space height=&#8221;50px&#8221;][vc_empty_space height=&#8221;10px&#8221;][vc_column_text] \u0421\u043a\u0443\u043f\u043a\u0430 \u043c\u0430\u0448\u0438\u043d \u0432 \u0420\u0438\u0433\u0435 \u0438 \u043f\u043e \u0432\u0441\u0435\u0439 \u041b\u0430\u0442\u0432\u0438\u0438. [\/vc_column_text][vc_empty_space height=&#8221;10px&#8221;][vc_gmaps link=&#8221;#E-8_JTNDaWZyYW1lJTIwc3JjJTNEJTIyaHR0cHMlM0ElMkYlMkZ3d3cuZ29vZ2xlLmNvbSUyRm1hcHMlMkZlbWJlZCUzRnBiJTNEJTIxMW0xOCUyMTFtMTIlMjExbTMlMjExZDExMTAxMzEuNTU3NTI1MzYyNCUyMTJkMjMuMTM2Nzg4OTcxMzE1NjIlMjEzZDU3LjA4MTg5Njk4MjU2MTEyNiUyMTJtMyUyMTFmMCUyMTJmMCUyMTNmMCUyMTNtMiUyMTFpMTAyNCUyMTJpNzY4JTIxNGYxMy4xJTIxM20zJTIxMW0yJTIxMXMweDQ2ZWVjZmIwZTUwNzNkZWQlMjUzQTB4NDAwY2ZjZDY4ZjJmZTMwJTIxMnNSaWdhJTIxNWUwJTIxM20yJTIxMXNlbiUyMTJzbHYlMjE0djE2MTM3NDAyNjY4MTYlMjE1bTIlMjExc2VuJTIxMnNsdiUyMiUyMHdpZHRoJTNEJTIyNjQwJTIyJTIwaGVpZ2h0JTNEJTIyNDIwJTIyJTIwZnJhbWVib3JkZXIlM0QlMjIwJTIyJTIwc3R5bGUlM0QlMjJib3JkZXIlM0EwJTNCJTIyJTIwYWxsb3dmdWxsc2NyZWVuJTNEJTIyJTIyJTIwYXJpYS1oaWRkZW4lM0QlMjJmYWxzZSUyMiUyMHRhYmluZGV4JTNEJTIyMCUyMiUzRSUzQyUyRmlmcmFtZSUzRQ==&#8221;][vc_empty_space height=&#8221;50px&#8221;][\/vc_column][\/vc_row]<\/p>\n","protected":false},"author":1,"featured_media":0,"parent":0,"menu_order":7,"comment_status":"closed","ping_status":"closed","template":"page-templates\/template-fullwidth.php","meta":{"footnotes":""},"class_list":["post-68","page","type-page","status-publish","hentry"],"yoast_head":"<!-- This site is optimized with the Yoast SEO plugin v26.8 - https:\/\/yoast.com\/product\/yoast-seo-wordpress\/ -->\n<title>\u0421\u043a\u0443\u043f\u043a\u0430 \u043c\u0430\u0448\u0438\u043d \u0432 \u0420\u0438\u0433\u0435 \u0438 \u043f\u043e \u0432\u0441\u0435\u0439 \u041b\u0430\u0442\u0432\u0438\u0438 | \u041f\u0440\u043e\u0434\u0430\u0442\u044c \u0430\u0432\u0442\u043e Perkamauto.lv<\/title>\n<meta name=\"description\" content=\"\u0421\u043a\u0443\u043f\u043a\u0430 \u043c\u0430\u0448\u0438\u043d Perkamauto.lv \u2013 \u043b\u0443\u0447\u0448\u0435\u0435 \u043f\u0440\u0435\u0434\u043b\u043e\u0436\u0435\u043d\u0438\u0435 \u0434\u043b\u044f \u0442\u0432\u043e\u0435\u0433\u043e \u0430\u0432\u0442\u043e\u043c\u043e\u0431\u0438\u043b\u044f. \u0421\u043a\u0443\u043f\u043a\u0430 \u043c\u0430\u0448\u0438\u043d \u0432 \u0442\u0435\u0447\u0435\u043d\u0438\u0438 30 \u043c\u0438\u043d\u0443\u0442 \u043f\u043e \u0432\u0441\u0435\u0439 \u0442\u0435\u0440\u0440\u0438\u0442\u043e\u0440\u0438\u0438 \u041b\u0430\u0442\u0432\u0438\u0438.\" \/>\n<meta name=\"robots\" content=\"index, follow, max-snippet:-1, max-image-preview:large, max-video-preview:-1\" \/>\n<link rel=\"canonical\" href=\"https:\/\/perkamauto.lv\/ru\/kontakty\" \/>\n<meta property=\"og:locale\" content=\"en_US\" \/>\n<meta property=\"og:type\" content=\"article\" \/>\n<meta property=\"og:title\" content=\"\u0421\u043a\u0443\u043f\u043a\u0430 \u043c\u0430\u0448\u0438\u043d \u0432 \u0420\u0438\u0433\u0435 \u0438 \u043f\u043e \u0432\u0441\u0435\u0439 \u041b\u0430\u0442\u0432\u0438\u0438 | \u041f\u0440\u043e\u0434\u0430\u0442\u044c \u0430\u0432\u0442\u043e Perkamauto.lv\" \/>\n<meta property=\"og:description\" content=\"\u0421\u043a\u0443\u043f\u043a\u0430 \u043c\u0430\u0448\u0438\u043d Perkamauto.lv \u2013 \u043b\u0443\u0447\u0448\u0435\u0435 \u043f\u0440\u0435\u0434\u043b\u043e\u0436\u0435\u043d\u0438\u0435 \u0434\u043b\u044f \u0442\u0432\u043e\u0435\u0433\u043e \u0430\u0432\u0442\u043e\u043c\u043e\u0431\u0438\u043b\u044f. \u0421\u043a\u0443\u043f\u043a\u0430 \u043c\u0430\u0448\u0438\u043d \u0432 \u0442\u0435\u0447\u0435\u043d\u0438\u0438 30 \u043c\u0438\u043d\u0443\u0442 \u043f\u043e \u0432\u0441\u0435\u0439 \u0442\u0435\u0440\u0440\u0438\u0442\u043e\u0440\u0438\u0438 \u041b\u0430\u0442\u0432\u0438\u0438.\" \/>\n<meta property=\"og:url\" content=\"https:\/\/perkamauto.lv\/ru\/kontakty\" \/>\n<meta property=\"og:site_name\" content=\"Perkam Auto\" \/>\n<meta property=\"article:modified_time\" content=\"2021-06-04T13:32:19+00:00\" \/>\n<meta name=\"twitter:card\" content=\"summary_large_image\" \/>\n<meta name=\"twitter:label1\" content=\"Est. reading time\" \/>\n\t<meta name=\"twitter:data1\" content=\"1 minute\" \/>\n<script type=\"application\/ld+json\" class=\"yoast-schema-graph\">{\"@context\":\"https:\/\/schema.org\",\"@graph\":[{\"@type\":\"WebPage\",\"@id\":\"https:\/\/perkamauto.lv\/ru\/kontakty\",\"url\":\"https:\/\/perkamauto.lv\/ru\/kontakty\",\"name\":\"\u0421\u043a\u0443\u043f\u043a\u0430 \u043c\u0430\u0448\u0438\u043d \u0432 \u0420\u0438\u0433\u0435 \u0438 \u043f\u043e \u0432\u0441\u0435\u0439 \u041b\u0430\u0442\u0432\u0438\u0438 | \u041f\u0440\u043e\u0434\u0430\u0442\u044c \u0430\u0432\u0442\u043e Perkamauto.lv\",\"isPartOf\":{\"@id\":\"https:\/\/perkamauto.lv\/ru\/#website\"},\"datePublished\":\"2018-07-19T07:22:21+00:00\",\"dateModified\":\"2021-06-04T13:32:19+00:00\",\"description\":\"\u0421\u043a\u0443\u043f\u043a\u0430 \u043c\u0430\u0448\u0438\u043d Perkamauto.lv \u2013 \u043b\u0443\u0447\u0448\u0435\u0435 \u043f\u0440\u0435\u0434\u043b\u043e\u0436\u0435\u043d\u0438\u0435 \u0434\u043b\u044f \u0442\u0432\u043e\u0435\u0433\u043e \u0430\u0432\u0442\u043e\u043c\u043e\u0431\u0438\u043b\u044f. \u0421\u043a\u0443\u043f\u043a\u0430 \u043c\u0430\u0448\u0438\u043d \u0432 \u0442\u0435\u0447\u0435\u043d\u0438\u0438 30 \u043c\u0438\u043d\u0443\u0442 \u043f\u043e \u0432\u0441\u0435\u0439 \u0442\u0435\u0440\u0440\u0438\u0442\u043e\u0440\u0438\u0438 \u041b\u0430\u0442\u0432\u0438\u0438.\",\"breadcrumb\":{\"@id\":\"https:\/\/perkamauto.lv\/ru\/kontakty#breadcrumb\"},\"inLanguage\":\"en-US\",\"potentialAction\":[{\"@type\":\"ReadAction\",\"target\":[\"https:\/\/perkamauto.lv\/ru\/kontakty\"]}]},{\"@type\":\"BreadcrumbList\",\"@id\":\"https:\/\/perkamauto.lv\/ru\/kontakty#breadcrumb\",\"itemListElement\":[{\"@type\":\"ListItem\",\"position\":1,\"name\":\"Home\",\"item\":\"https:\/\/perkamauto.lv\/ru\/\"},{\"@type\":\"ListItem\",\"position\":2,\"name\":\"\u041a\u043e\u043d\u0442\u0430\u043a\u0442\u044b\"}]},{\"@type\":\"WebSite\",\"@id\":\"https:\/\/perkamauto.lv\/ru\/#website\",\"url\":\"https:\/\/perkamauto.lv\/ru\/\",\"name\":\"Perkam Auto\",\"description\":\"Nopirksim j\u016bsu auto, \u0101tri un \u0113rti.\",\"potentialAction\":[{\"@type\":\"SearchAction\",\"target\":{\"@type\":\"EntryPoint\",\"urlTemplate\":\"https:\/\/perkamauto.lv\/ru\/?s={search_term_string}\"},\"query-input\":{\"@type\":\"PropertyValueSpecification\",\"valueRequired\":true,\"valueName\":\"search_term_string\"}}],\"inLanguage\":\"en-US\"}]}<\/script>\n<!-- \/ Yoast SEO plugin. -->","yoast_head_json":{"title":"\u0421\u043a\u0443\u043f\u043a\u0430 \u043c\u0430\u0448\u0438\u043d \u0432 \u0420\u0438\u0433\u0435 \u0438 \u043f\u043e \u0432\u0441\u0435\u0439 \u041b\u0430\u0442\u0432\u0438\u0438 | \u041f\u0440\u043e\u0434\u0430\u0442\u044c \u0430\u0432\u0442\u043e Perkamauto.lv","description":"\u0421\u043a\u0443\u043f\u043a\u0430 \u043c\u0430\u0448\u0438\u043d Perkamauto.lv \u2013 \u043b\u0443\u0447\u0448\u0435\u0435 \u043f\u0440\u0435\u0434\u043b\u043e\u0436\u0435\u043d\u0438\u0435 \u0434\u043b\u044f \u0442\u0432\u043e\u0435\u0433\u043e \u0430\u0432\u0442\u043e\u043c\u043e\u0431\u0438\u043b\u044f. \u0421\u043a\u0443\u043f\u043a\u0430 \u043c\u0430\u0448\u0438\u043d \u0432 \u0442\u0435\u0447\u0435\u043d\u0438\u0438 30 \u043c\u0438\u043d\u0443\u0442 \u043f\u043e \u0432\u0441\u0435\u0439 \u0442\u0435\u0440\u0440\u0438\u0442\u043e\u0440\u0438\u0438 \u041b\u0430\u0442\u0432\u0438\u0438.","robots":{"index":"index","follow":"follow","max-snippet":"max-snippet:-1","max-image-preview":"max-image-preview:large","max-video-preview":"max-video-preview:-1"},"canonical":"https:\/\/perkamauto.lv\/ru\/kontakty","og_locale":"en_US","og_type":"article","og_title":"\u0421\u043a\u0443\u043f\u043a\u0430 \u043c\u0430\u0448\u0438\u043d \u0432 \u0420\u0438\u0433\u0435 \u0438 \u043f\u043e \u0432\u0441\u0435\u0439 \u041b\u0430\u0442\u0432\u0438\u0438 | \u041f\u0440\u043e\u0434\u0430\u0442\u044c \u0430\u0432\u0442\u043e Perkamauto.lv","og_description":"\u0421\u043a\u0443\u043f\u043a\u0430 \u043c\u0430\u0448\u0438\u043d Perkamauto.lv \u2013 \u043b\u0443\u0447\u0448\u0435\u0435 \u043f\u0440\u0435\u0434\u043b\u043e\u0436\u0435\u043d\u0438\u0435 \u0434\u043b\u044f \u0442\u0432\u043e\u0435\u0433\u043e \u0430\u0432\u0442\u043e\u043c\u043e\u0431\u0438\u043b\u044f. \u0421\u043a\u0443\u043f\u043a\u0430 \u043c\u0430\u0448\u0438\u043d \u0432 \u0442\u0435\u0447\u0435\u043d\u0438\u0438 30 \u043c\u0438\u043d\u0443\u0442 \u043f\u043e \u0432\u0441\u0435\u0439 \u0442\u0435\u0440\u0440\u0438\u0442\u043e\u0440\u0438\u0438 \u041b\u0430\u0442\u0432\u0438\u0438.","og_url":"https:\/\/perkamauto.lv\/ru\/kontakty","og_site_name":"Perkam Auto","article_modified_time":"2021-06-04T13:32:19+00:00","twitter_card":"summary_large_image","twitter_misc":{"Est. reading time":"1 minute"},"schema":{"@context":"https:\/\/schema.org","@graph":[{"@type":"WebPage","@id":"https:\/\/perkamauto.lv\/ru\/kontakty","url":"https:\/\/perkamauto.lv\/ru\/kontakty","name":"\u0421\u043a\u0443\u043f\u043a\u0430 \u043c\u0430\u0448\u0438\u043d \u0432 \u0420\u0438\u0433\u0435 \u0438 \u043f\u043e \u0432\u0441\u0435\u0439 \u041b\u0430\u0442\u0432\u0438\u0438 | \u041f\u0440\u043e\u0434\u0430\u0442\u044c \u0430\u0432\u0442\u043e Perkamauto.lv","isPartOf":{"@id":"https:\/\/perkamauto.lv\/ru\/#website"},"datePublished":"2018-07-19T07:22:21+00:00","dateModified":"2021-06-04T13:32:19+00:00","description":"\u0421\u043a\u0443\u043f\u043a\u0430 \u043c\u0430\u0448\u0438\u043d Perkamauto.lv \u2013 \u043b\u0443\u0447\u0448\u0435\u0435 \u043f\u0440\u0435\u0434\u043b\u043e\u0436\u0435\u043d\u0438\u0435 \u0434\u043b\u044f \u0442\u0432\u043e\u0435\u0433\u043e \u0430\u0432\u0442\u043e\u043c\u043e\u0431\u0438\u043b\u044f. \u0421\u043a\u0443\u043f\u043a\u0430 \u043c\u0430\u0448\u0438\u043d \u0432 \u0442\u0435\u0447\u0435\u043d\u0438\u0438 30 \u043c\u0438\u043d\u0443\u0442 \u043f\u043e \u0432\u0441\u0435\u0439 \u0442\u0435\u0440\u0440\u0438\u0442\u043e\u0440\u0438\u0438 \u041b\u0430\u0442\u0432\u0438\u0438.","breadcrumb":{"@id":"https:\/\/perkamauto.lv\/ru\/kontakty#breadcrumb"},"inLanguage":"en-US","potentialAction":[{"@type":"ReadAction","target":["https:\/\/perkamauto.lv\/ru\/kontakty"]}]},{"@type":"BreadcrumbList","@id":"https:\/\/perkamauto.lv\/ru\/kontakty#breadcrumb","itemListElement":[{"@type":"ListItem","position":1,"name":"Home","item":"https:\/\/perkamauto.lv\/ru\/"},{"@type":"ListItem","position":2,"name":"\u041a\u043e\u043d\u0442\u0430\u043a\u0442\u044b"}]},{"@type":"WebSite","@id":"https:\/\/perkamauto.lv\/ru\/#website","url":"https:\/\/perkamauto.lv\/ru\/","name":"Perkam Auto","description":"Nopirksim j\u016bsu auto, \u0101tri un \u0113rti.","potentialAction":[{"@type":"SearchAction","target":{"@type":"EntryPoint","urlTemplate":"https:\/\/perkamauto.lv\/ru\/?s={search_term_string}"},"query-input":{"@type":"PropertyValueSpecification","valueRequired":true,"valueName":"search_term_string"}}],"inLanguage":"en-US"}]}},"_links":{"self":[{"href":"https:\/\/perkamauto.lv\/ru\/wp-json\/wp\/v2\/pages\/68","targetHints":{"allow":["GET"]}}],"collection":[{"href":"https:\/\/perkamauto.lv\/ru\/wp-json\/wp\/v2\/pages"}],"about":[{"href":"https:\/\/perkamauto.lv\/ru\/wp-json\/wp\/v2\/types\/page"}],"author":[{"embeddable":true,"href":"https:\/\/perkamauto.lv\/ru\/wp-json\/wp\/v2\/users\/1"}],"replies":[{"embeddable":true,"href":"https:\/\/perkamauto.lv\/ru\/wp-json\/wp\/v2\/comments?post=68"}],"version-history":[{"count":0,"href":"https:\/\/perkamauto.lv\/ru\/wp-json\/wp\/v2\/pages\/68\/revisions"}],"wp:attachment":[{"href":"https:\/\/perkamauto.lv\/ru\/wp-json\/wp\/v2\/media?parent=68"}],"curies":[{"name":"wp","href":"https:\/\/api.w.org\/{rel}","templated":true}]}}